{"id":33943,"date":"2025-01-06T23:26:58","date_gmt":"2025-01-07T05:26:58","guid":{"rendered":"https:\/\/tiendaanuar.demo-cliente.com\/?post_type=product&#038;p=33943"},"modified":"2025-01-15T10:38:39","modified_gmt":"2025-01-15T16:38:39","slug":"banner-en-website-y-app","status":"publish","type":"product","link":"https:\/\/anuariolatamseguros.com\/tienda-virtual\/producto\/banner-en-website-y-app\/","title":{"rendered":"Banner en Website y App"},"content":{"rendered":"<p>Presencia de marca en plataformas digitales, disponible en las tiendas virtuales <strong>APP STORE Y GOOGLE PLAY<\/strong> de forma gratuita, maximizando su alcance y visibilidad.<\/p>\n<p><strong>Contenido:<\/strong> Logotipo de su compa\u00f1\u00eda en nuestro website y app<\/p>\n<p><strong>Circulaci\u00f3n:\u00a0<\/strong>Anual \/ APP \/ WEBSITE<\/p>\n<p><strong>Distribuci\u00f3n:\u00a0<\/strong>N\/A<\/p>\n<p><strong>Espacio: <\/strong>N\/A<\/p>\n<p><strong>Formato: <\/strong>Logotipo en HD y\/o Vectores.<\/p>\n","protected":false},"excerpt":{"rendered":"<p>El \u00fanico medio l\u00edder a <strong>Nivel Continental<\/strong> compartiendo informaci\u00f3n de compa\u00f1\u00edas del sector asegurador. Comparta su informaci\u00f3n para atraer <strong>m\u00e1s negocios<\/strong>, llevando su imagen y actividades a generar mayor alcance.<\/p>\n","protected":false},"featured_media":247719,"comment_status":"open","ping_status":"closed","template":"","meta":{"_et_pb_use_builder":"off","_et_pb_old_content":"El \u00fanico medio l\u00edder a Nivel Continental compartiendo informaci\u00f3n de compa\u00f1\u00edas del sector asegurador.\r\nComparta su informaci\u00f3n para atraer m\u00e1s negocios, llevando su imagen y actividades a generar mayor alcance.\r\nEspacio: 1 P\u00e1gina Medidas: 600 x 110 px Frecuencia: Permanente \/ Anual Formato: Digital y Web Distribuci\u00f3n: + 15 Pa\u00edses P\u00fablico: Espa\u00f1ol e Ingl\u00e9s","_et_gb_content_width":""},"product_brand":[],"product_cat":[27],"product_tag":[],"class_list":{"0":"post-33943","1":"product","2":"type-product","3":"status-publish","4":"has-post-thumbnail","6":"product_cat-publicidad","8":"first","9":"instock","10":"taxable","11":"shipping-taxable","12":"purchasable","13":"product-type-simple"},"_links":{"self":[{"href":"https:\/\/anuariolatamseguros.com\/tienda-virtual\/wp-json\/wp\/v2\/product\/33943","targetHints":{"allow":["GET"]}}],"collection":[{"href":"https:\/\/anuariolatamseguros.com\/tienda-virtual\/wp-json\/wp\/v2\/product"}],"about":[{"href":"https:\/\/anuariolatamseguros.com\/tienda-virtual\/wp-json\/wp\/v2\/types\/product"}],"replies":[{"embeddable":true,"href":"https:\/\/anuariolatamseguros.com\/tienda-virtual\/wp-json\/wp\/v2\/comments?post=33943"}],"wp:featuredmedia":[{"embeddable":true,"href":"https:\/\/anuariolatamseguros.com\/tienda-virtual\/wp-json\/wp\/v2\/media\/247719"}],"wp:attachment":[{"href":"https:\/\/anuariolatamseguros.com\/tienda-virtual\/wp-json\/wp\/v2\/media?parent=33943"}],"wp:term":[{"taxonomy":"product_brand","embeddable":true,"href":"https:\/\/anuariolatamseguros.com\/tienda-virtual\/wp-json\/wp\/v2\/product_brand?post=33943"},{"taxonomy":"product_cat","embeddable":true,"href":"https:\/\/anuariolatamseguros.com\/tienda-virtual\/wp-json\/wp\/v2\/product_cat?post=33943"},{"taxonomy":"product_tag","embeddable":true,"href":"https:\/\/anuariolatamseguros.com\/tienda-virtual\/wp-json\/wp\/v2\/product_tag?post=33943"}],"curies":[{"name":"wp","href":"https:\/\/api.w.org\/{rel}","templated":true}]}}