{"id":33969,"date":"2025-01-07T03:15:28","date_gmt":"2025-01-07T09:15:28","guid":{"rendered":"https:\/\/tiendaanuar.demo-cliente.com\/?post_type=product&#038;p=33969"},"modified":"2026-02-09T07:46:52","modified_gmt":"2026-02-09T13:46:52","slug":"3-medios-en-1","status":"publish","type":"product","link":"https:\/\/anuariolatamseguros.com\/tienda-virtual\/producto\/3-medios-en-1\/","title":{"rendered":"3 MEDIOS en 1"},"content":{"rendered":"<p>El Anuario LATAM de Seguros pone a su disposici\u00f3n las 3 modalidades en 1 solo medio,<br \/>\n3 art\u00edculo disponibles de manera inmediata por una tarifa de inversi\u00f3n especial para impulsar su imagen en su mercado a nivel continental,<br \/>\nObtenga, Retenga e Invol\u00facrese con m\u00e1s clientes en nuestro medio.<\/p>\n","protected":false},"excerpt":{"rendered":"<p>El Anuario LATAM de Seguros pone a su disposici\u00f3n las 3 modalidades en 1 solo medio, 3 art\u00edculo disponibles de manera inmediata por una tarifa de inversi\u00f3n especial para impulsar su imagen en su mercado a nivel continental, Obtenga, Retenga e Invol\u00facrese con m\u00e1s clientes en nuestro medio.<\/p>\n","protected":false},"featured_media":247715,"comment_status":"open","ping_status":"closed","template":"","meta":{"_et_pb_use_builder":"","_et_pb_old_content":"","_et_gb_content_width":""},"product_brand":[],"product_cat":[27],"product_tag":[],"class_list":{"0":"post-33969","1":"product","2":"type-product","3":"status-publish","4":"has-post-thumbnail","6":"product_cat-publicidad","8":"first","9":"instock","10":"taxable","11":"shipping-taxable","12":"purchasable","13":"product-type-simple"},"_links":{"self":[{"href":"https:\/\/anuariolatamseguros.com\/tienda-virtual\/wp-json\/wp\/v2\/product\/33969","targetHints":{"allow":["GET"]}}],"collection":[{"href":"https:\/\/anuariolatamseguros.com\/tienda-virtual\/wp-json\/wp\/v2\/product"}],"about":[{"href":"https:\/\/anuariolatamseguros.com\/tienda-virtual\/wp-json\/wp\/v2\/types\/product"}],"replies":[{"embeddable":true,"href":"https:\/\/anuariolatamseguros.com\/tienda-virtual\/wp-json\/wp\/v2\/comments?post=33969"}],"wp:featuredmedia":[{"embeddable":true,"href":"https:\/\/anuariolatamseguros.com\/tienda-virtual\/wp-json\/wp\/v2\/media\/247715"}],"wp:attachment":[{"href":"https:\/\/anuariolatamseguros.com\/tienda-virtual\/wp-json\/wp\/v2\/media?parent=33969"}],"wp:term":[{"taxonomy":"product_brand","embeddable":true,"href":"https:\/\/anuariolatamseguros.com\/tienda-virtual\/wp-json\/wp\/v2\/product_brand?post=33969"},{"taxonomy":"product_cat","embeddable":true,"href":"https:\/\/anuariolatamseguros.com\/tienda-virtual\/wp-json\/wp\/v2\/product_cat?post=33969"},{"taxonomy":"product_tag","embeddable":true,"href":"https:\/\/anuariolatamseguros.com\/tienda-virtual\/wp-json\/wp\/v2\/product_tag?post=33969"}],"curies":[{"name":"wp","href":"https:\/\/api.w.org\/{rel}","templated":true}]}}