{"id":33970,"date":"2025-01-07T03:15:28","date_gmt":"2025-01-07T09:15:28","guid":{"rendered":"https:\/\/tiendaanuar.demo-cliente.com\/?post_type=product&#038;p=33970"},"modified":"2025-01-14T22:31:58","modified_gmt":"2025-01-15T04:31:58","slug":"sponsor-anuario-digital","status":"publish","type":"product","link":"https:\/\/anuariolatamseguros.com\/tienda-virtual\/producto\/sponsor-anuario-digital\/","title":{"rendered":"Sponsor Anuario Digital (USB)"},"content":{"rendered":"<p><strong>Memoria USB Coleccionable por edici\u00f3n<\/strong><\/p>\n<p><strong>Contenido:<\/strong> Anuario Digital<\/p>\n<p><strong>Circulaci\u00f3n:<\/strong> Anual<\/p>\n<p><strong>Distribuci\u00f3n<\/strong>: F\u00edsicamente a cada uno de los asistentes de los eventos m\u00e1s importantes del sector a nivel continental<\/p>\n<p><strong>Espacio:<\/strong> Logotipo posici\u00f3n especial (frente) en HD, JPG<\/p>\n<p><strong>Formato<\/strong>: Logo tipo en HD y\/o Vectores<\/p>\n","protected":false},"excerpt":{"rendered":"<p>Memoria USB Coleccionable por edici\u00f3n:<\/p>\n<p>USB por edici\u00f3n coleccionable, con informaci\u00f3n de + 30 pa\u00edses, emails principales ejecutivos, datos generales, estad\u00edsticas, red de contactos a nivel continental.<\/p>\n","protected":false},"featured_media":247712,"comment_status":"open","ping_status":"closed","template":"","meta":{"_et_pb_use_builder":"","_et_pb_old_content":"","_et_gb_content_width":""},"product_brand":[],"product_cat":[15],"product_tag":[],"class_list":{"0":"post-33970","1":"product","2":"type-product","3":"status-publish","4":"has-post-thumbnail","6":"product_cat-sin-categorizar","8":"first","9":"instock","10":"taxable","11":"shipping-taxable","12":"purchasable","13":"product-type-simple"},"_links":{"self":[{"href":"https:\/\/anuariolatamseguros.com\/tienda-virtual\/wp-json\/wp\/v2\/product\/33970","targetHints":{"allow":["GET"]}}],"collection":[{"href":"https:\/\/anuariolatamseguros.com\/tienda-virtual\/wp-json\/wp\/v2\/product"}],"about":[{"href":"https:\/\/anuariolatamseguros.com\/tienda-virtual\/wp-json\/wp\/v2\/types\/product"}],"replies":[{"embeddable":true,"href":"https:\/\/anuariolatamseguros.com\/tienda-virtual\/wp-json\/wp\/v2\/comments?post=33970"}],"wp:featuredmedia":[{"embeddable":true,"href":"https:\/\/anuariolatamseguros.com\/tienda-virtual\/wp-json\/wp\/v2\/media\/247712"}],"wp:attachment":[{"href":"https:\/\/anuariolatamseguros.com\/tienda-virtual\/wp-json\/wp\/v2\/media?parent=33970"}],"wp:term":[{"taxonomy":"product_brand","embeddable":true,"href":"https:\/\/anuariolatamseguros.com\/tienda-virtual\/wp-json\/wp\/v2\/product_brand?post=33970"},{"taxonomy":"product_cat","embeddable":true,"href":"https:\/\/anuariolatamseguros.com\/tienda-virtual\/wp-json\/wp\/v2\/product_cat?post=33970"},{"taxonomy":"product_tag","embeddable":true,"href":"https:\/\/anuariolatamseguros.com\/tienda-virtual\/wp-json\/wp\/v2\/product_tag?post=33970"}],"curies":[{"name":"wp","href":"https:\/\/api.w.org\/{rel}","templated":true}]}}